{"id":34139,"date":"2019-01-17T11:14:23","date_gmt":"2019-01-17T11:14:23","guid":{"rendered":"https:\/\/www.jalsolution.com\/contact\/"},"modified":"2023-09-12T01:56:19","modified_gmt":"2023-09-12T05:56:19","slug":"contact","status":"publish","type":"page","link":"https:\/\/www.jalsolution.com\/fr\/contact\/","title":{"rendered":"Nous joindre"},"content":{"rendered":"<p>[vc_row full_width=&#8221;stretch_row_content_no_spaces&#8221; equal_height=&#8221;yes&#8221; content_placement=&#8221;bottom&#8221; css=&#8221;.vc_custom_1606768810063{margin-top: 0px !important;margin-bottom: -50px !important;border-top-width: 0px !important;border-bottom-width: 0px !important;padding-top: 0px !important;padding-bottom: 0px !important;background-color: #eeeeee !important;}&#8221;][vc_column css=&#8221;.vc_custom_1606768971024{margin-top: -30px !important;margin-right: 0px !important;margin-bottom: 0px !important;margin-left: 0px !important;border-top-width: 0px !important;border-right-width: 0px !important;border-bottom-width: 0px !important;border-left-width: 0px !important;padding-top: 0px !important;padding-right: 0px !important;padding-bottom: 0px !important;padding-left: 0px !important;}&#8221;]<div id='wrap_map_6a04f3eeeeb12' class='ultimate-map-wrapper ult-adjust-bottom-margin ' style=' height:500px;'><div id='map_6a04f3eeeeb12' data-map_override='0' class='ultimate_google_map wpb_content_element page_margin_top' style='border-style:double;border-width:1px;border-radius:3px;width:100%;height:500px;'><\/div><\/div><script type='text\/javascript'>\n\t\t\t(function($) {\n  \t\t\t'use strict';\n\t\t\tvar map_map_6a04f3eeeeb12 = null;\n\t\t\tvar coordinate_map_6a04f3eeeeb12;\n\t\t\tvar isDraggable = $(document).width() > 641 ? true : true;\n\t\t\ttry\n\t\t\t{\n\t\t\t\tvar map_map_6a04f3eeeeb12 = null;\n\t\t\t\tvar coordinate_map_6a04f3eeeeb12;\n\t\t\t\tcoordinate_map_6a04f3eeeeb12=new google.maps.LatLng(45.5014, -73.5705);\n\t\t\t\tvar mapOptions=\n\t\t\t\t{\n\t\t\t\t\tzoom: 16,\n\t\t\t\t\tcenter: coordinate_map_6a04f3eeeeb12,\n\t\t\t\t\tscaleControl: true,\n\t\t\t\t\tstreetViewControl: true,\n\t\t\t\t\tmapTypeControl: false,\n\t\t\t\t\tpanControl: false,\n\t\t\t\t\tzoomControl: true,\n\t\t\t\t\tscrollwheel: true,\n\t\t\t\t\tdraggable: isDraggable,\n\t\t\t\t\tzoomControlOptions: {\n\t\t\t\t\t\tposition: google.maps.ControlPosition.RIGHT_BOTTOM\n\t\t\t\t\t}, mapTypeControlOptions: {\n\t\t\t\t\t  \t\tmapTypeIds: [google.maps.MapTypeId.ROADMAP, 'map_style']\n\t\t\t\t\t\t}};var styles = [\n  {\n    \"elementType\": \"geometry\",\n    \"stylers\": [\n      {\n        \"color\": \"#1d2c4d\"\n      }\n    ]\n  },\n  {\n    \"elementType\": \"labels.text.fill\",\n    \"stylers\": [\n      {\n        \"color\": \"#8ec3b9\"\n      }\n    ]\n  },\n  {\n    \"elementType\": \"labels.text.stroke\",\n    \"stylers\": [\n      {\n        \"color\": \"#1a3646\"\n      }\n    ]\n  },\n  {\n    \"featureType\": \"administrative.country\",\n    \"elementType\": \"geometry.stroke\",\n    \"stylers\": [\n      {\n        \"color\": \"#4b6878\"\n      }\n    ]\n  },\n  {\n    \"featureType\": \"administrative.land_parcel\",\n    \"elementType\": \"labels.text.fill\",\n    \"stylers\": [\n      {\n        \"color\": \"#64779e\"\n      }\n    ]\n  },\n  {\n    \"featureType\": \"administrative.province\",\n    \"elementType\": \"geometry.stroke\",\n    \"stylers\": [\n      {\n        \"color\": \"#4b6878\"\n      }\n    ]\n  },\n  {\n    \"featureType\": \"landscape.man_made\",\n    \"elementType\": \"geometry.stroke\",\n    \"stylers\": [\n      {\n        \"color\": \"#334e87\"\n      }\n    ]\n  },\n  {\n    \"featureType\": \"landscape.natural\",\n    \"elementType\": \"geometry\",\n    \"stylers\": [\n      {\n        \"color\": \"#023e58\"\n      }\n    ]\n  },\n  {\n    \"featureType\": \"poi\",\n    \"elementType\": \"geometry\",\n    \"stylers\": [\n      {\n        \"color\": \"#283d6a\"\n      }\n    ]\n  },\n  {\n    \"featureType\": \"poi\",\n    \"elementType\": \"labels.text.fill\",\n    \"stylers\": [\n      {\n        \"color\": \"#6f9ba5\"\n      }\n    ]\n  },\n  {\n    \"featureType\": \"poi\",\n    \"elementType\": \"labels.text.stroke\",\n    \"stylers\": [\n      {\n        \"color\": \"#1d2c4d\"\n      }\n    ]\n  },\n  {\n    \"featureType\": \"poi.park\",\n    \"elementType\": \"geometry.fill\",\n    \"stylers\": [\n      {\n        \"color\": \"#023e58\"\n      }\n    ]\n  },\n  {\n    \"featureType\": \"poi.park\",\n    \"elementType\": \"labels.text.fill\",\n    \"stylers\": [\n      {\n        \"color\": \"#3C7680\"\n      }\n    ]\n  },\n  {\n    \"featureType\": \"road\",\n    \"elementType\": \"geometry\",\n    \"stylers\": [\n      {\n        \"color\": \"#304a7d\"\n      }\n    ]\n  },\n  {\n    \"featureType\": \"road\",\n    \"elementType\": \"labels.text.fill\",\n    \"stylers\": [\n      {\n        \"color\": \"#98a5be\"\n      }\n    ]\n  },\n  {\n    \"featureType\": \"road\",\n    \"elementType\": \"labels.text.stroke\",\n    \"stylers\": [\n      {\n        \"color\": \"ae0000\"\n      }\n    ]\n  },\n  {\n    \"featureType\": \"road.highway\",\n    \"elementType\": \"geometry\",\n    \"stylers\": [\n      {\n        \"color\": \"#2c6675\"\n      }\n    ]\n  },\n  {\n    \"featureType\": \"road.highway\",\n    \"elementType\": \"geometry.stroke\",\n    \"stylers\": [\n      {\n        \"color\": \"#255763\"\n      }\n    ]\n  },\n  {\n    \"featureType\": \"road.highway\",\n    \"elementType\": \"labels.text.fill\",\n    \"stylers\": [\n      {\n        \"color\": \"#b0d5ce\"\n      }\n    ]\n  },\n  {\n    \"featureType\": \"road.highway\",\n    \"elementType\": \"labels.text.stroke\",\n    \"stylers\": [\n      {\n        \"color\": \"#023e58\"\n      }\n    ]\n  },\n  {\n    \"featureType\": \"transit\",\n    \"elementType\": \"labels.text.fill\",\n    \"stylers\": [\n      {\n        \"color\": \"#98a5be\"\n      }\n    ]\n  },\n  {\n    \"featureType\": \"transit\",\n    \"elementType\": \"labels.text.stroke\",\n    \"stylers\": [\n      {\n        \"color\": \"#1d2c4d\"\n      }\n    ]\n  },\n  {\n    \"featureType\": \"transit.line\",\n    \"elementType\": \"geometry.fill\",\n    \"stylers\": [\n      {\n        \"color\": \"#283d6a\"\n      }\n    ]\n  },\n  {\n    \"featureType\": \"transit.station\",\n    \"elementType\": \"geometry\",\n    \"stylers\": [\n      {\n        \"color\": \"#3a4762\"\n      }\n    ]\n  },\n  {\n    \"featureType\": \"water\",\n    \"elementType\": \"geometry\",\n    \"stylers\": [\n      {\n        \"color\": \"#0e1626\"\n      }\n    ]\n  },\n  {\n    \"featureType\": \"water\",\n    \"elementType\": \"labels.text.fill\",\n    \"stylers\": [\n      {\n        \"color\": \"#4e6d70\"\n      }\n    ]\n  }\n]; var styledMap = new google.maps.StyledMapType(styles,{name: \"Styled Map\"});var map_map_6a04f3eeeeb12 = new google.maps.Map(document.getElementById('map_6a04f3eeeeb12'),mapOptions);map_map_6a04f3eeeeb12.mapTypes.set('map_style', styledMap);\n \t\t\t\t\t\t\t map_map_6a04f3eeeeb12.setMapTypeId('map_style');\n\t\t\t\t\t\tvar x = 'infowindow_open_value';\n\t\t\t\t\t\tvar marker_map_6a04f3eeeeb12 = new google.maps.Marker({\n\t\t\t\t\t\tposition: new google.maps.LatLng(45.5014, -73.5705),\n\t\t\t\t\t\tanimation:  google.maps.Animation.DROP,\n\t\t\t\t\t\tmap: map_map_6a04f3eeeeb12,\n\t\t\t\t\t\ticon: 'https:\/\/www.jalsolution.com\/wp-content\/uploads\/2020\/11\/JAL-1.png'\n\t\t\t\t\t});\tgoogle.maps.event.addListener(marker_map_6a04f3eeeeb12, 'click', toggleBounce);var infowindow = new google.maps.InfoWindow();\n\t\t\t\t\t\t\tinfowindow.setContent('<div class=\"map_info_text\" style=\\'color:#000;\\'>JAL Solution<\/p> <p><\/div>');google.maps.event.addListener(marker_map_6a04f3eeeeb12, 'click', function() {\n\t\t\t\t\t\t\t\tinfowindow.open(map_map_6a04f3eeeeb12,marker_map_6a04f3eeeeb12);\n\t\t\t\t\t\t  \t});}\n\t\t\tcatch(e){};\n\t\t\tjQuery(document).ready(function($){\n\t\t\t\tgoogle.maps.event.trigger(map_map_6a04f3eeeeb12, 'resize');\n\t\t\t\t$(window).resize(function(){\n\t\t\t\t\tgoogle.maps.event.trigger(map_map_6a04f3eeeeb12, 'resize');\n\t\t\t\t\tif(map_map_6a04f3eeeeb12!=null)\n\t\t\t\t\t\tmap_map_6a04f3eeeeb12.setCenter(coordinate_map_6a04f3eeeeb12);\n\t\t\t\t});\n\t\t\t\t$('.ui-tabs').bind('tabsactivate', function(event, ui) {\n\t\t\t\t   if($(this).find('.ultimate-map-wrapper').length > 0)\n\t\t\t\t\t{\n\t\t\t\t\t\tsetTimeout(function(){\n\t\t\t\t\t\t\t$(window).trigger('resize');\n\t\t\t\t\t\t},200);\n\t\t\t\t\t}\n\t\t\t\t});\n\t\t\t\t$('.ui-accordion').bind('accordionactivate', function(event, ui) {\n\t\t\t\t   if($(this).find('.ultimate-map-wrapper').length > 0)\n\t\t\t\t\t{\n\t\t\t\t\t\tsetTimeout(function(){\n\t\t\t\t\t\t\t$(window).trigger('resize');\n\t\t\t\t\t\t},200);\n\t\t\t\t\t}\n\t\t\t\t});\n\t\t\t\t$(window).load(function(){\n\t\t\t\t\tsetTimeout(function(){\n\t\t\t\t\t\t$(window).trigger('resize');\n\t\t\t\t\t},200);\n\t\t\t\t});\n\t\t\t\t$('.ult_exp_section').select(function(){\n\t\t\t\t\tif($(map_map_6a04f3eeeeb12).parents('.ult_exp_section'))\n\t\t\t\t\t{\n\t\t\t\t\t\tsetTimeout(function(){\n\t\t\t\t\t\t\t$(window).trigger('resize');\n\t\t\t\t\t\t},200);\n\t\t\t\t\t}\n\t\t\t\t});\n\t\t\t\t$(document).on('onUVCModalPopupOpen', function(){\n\t\t\t\t\tif($(map_map_6a04f3eeeeb12).parents('.ult_modal-content'))\n\t\t\t\t\t{\n\t\t\t\t\t\tsetTimeout(function(){\n\t\t\t\t\t\t\t$(window).trigger('resize');\n\t\t\t\t\t\t},200);\n\t\t\t\t\t}\n\t\t\t\t});\n\t\t\t\t$(document).on('click','.ult_tab_li',function(){\n\t\t\t\t\t$(window).trigger('resize');\n\t\t\t\t\tsetTimeout(function(){\n\t\t\t\t\t\t$(window).trigger('resize');\n\t\t\t\t\t},200);\n\t\t\t\t});\n\t\t\t});\n\t\t\tfunction toggleBounce() {\n\t\t\t  if (marker_map_6a04f3eeeeb12.getAnimation() != null) {\n\t\t\t\tmarker_map_6a04f3eeeeb12.setAnimation(null);\n\t\t\t  } else {\n\t\t\t\tmarker_map_6a04f3eeeeb12.setAnimation(google.maps.Animation.BOUNCE);\n\t\t\t  }\n\t\t\t}\n\t\t\t})(jQuery);\n\t\t\t<\/script>[\/vc_column][\/vc_row][vc_row full_width=&#8221;stretch_row_content&#8221; full_height=&#8221;yes&#8221; columns_placement=&#8221;top&#8221; css=&#8221;.vc_custom_1606930248741{margin-top: 0px !important;margin-bottom: 0px !important;border-top-width: 0px !important;border-bottom-width: 0px !important;padding-top: 0px !important;padding-bottom: 0px !important;background: #eeeeee url(https:\/\/www.jalsolution.com\/wp-content\/uploads\/revslider\/Slider-Background.jpg?id=32976) !important;}&#8221;][vc_column width=&#8221;1\/2&#8243; css=&#8221;.vc_custom_1606353410722{margin-left: 20px !important;border-left-width: 20px !important;padding-left: 20px !important;}&#8221;][vc_empty_space][vc_column_text]<\/p>\n<h4 style=\"text-align: justify;\"><span style=\"color: #ffffff;\">Nous sommes bas\u00e9s \u00e0 Montr\u00e9al, au Canada, et nous sommes heureux de travailler avec des clients du monde entier.<\/span><\/h4>\n<p>[\/vc_column_text][vc_column_text css=&#8221;.vc_custom_1607804019020{margin-bottom: 20px !important;}&#8221;]<\/p>\n<p style=\"text-align: justify;\"><span style=\"color: #ffffff;\">Vous avez un projet en t\u00eate et vous souhaitez recevoir un devis de notre part, nous avons h\u00e2te de vous entendre ! Donnez-nous les d\u00e9tails et nous vous r\u00e9pondrons rapidement.<\/span><\/p>\n<p>[\/vc_column_text]<div class=\"uavc-list-icon uavc-list-icon-wrapper ult-adjust-bottom-margin   vc_custom_1606887887804  vc_custom_1606887887804\"><ul class=\"uavc-list\"><li><div class=\"uavc-list-content\" id=\"list-icon-wrap-7233\">\n<div class=\"uavc-list-icon  \" data-animation=\"\" data-animation-delay=\"03\" style=\"margin-right:5px;\"><div class=\"ult-just-icon-wrapper  \"><div class=\"align-icon\" style=\"text-align:center;\">\n<div class=\"aio-icon advanced \"  style=\"color:#09bcd4;border-style:solid;border-color:#09bcd4;border-width:2px;width:65px;height:65px;line-height:65px;border-radius:65px;font-size:40px;display:inline-block;\">\n\t<i class=\"Defaults-map-marker\"><\/i>\n<\/div><\/div><\/div>\n<\/div><span  data-ultimate-target='#list-icon-wrap-7233 .uavc-list-desc'  data-responsive-json-new='{\"font-size\":\"\",\"line-height\":\"\"}'  class=\"uavc-list-desc ult-responsive\" style=\"\"><\/p>\n<h6 class=\"dv-header__location-title\"><span style=\"color: #ffffff;\"> 1200 Avenue McGill College, Suite 1100, H3B 4G7 Montreal, QC<\/span><\/h6>\n<p><\/span><\/div><\/li><li><div class=\"uavc-list-content\" id=\"list-icon-wrap-2117\">\n<div class=\"uavc-list-icon  \" data-animation=\"\" data-animation-delay=\"03\" style=\"margin-right:5px;\"><div class=\"ult-just-icon-wrapper  \"><div class=\"align-icon\" style=\"text-align:center;\">\n<div class=\"aio-icon advanced \"  style=\"color:#09bcd4;border-style:solid;border-color:#09bcd4;border-width:2px;width:65px;height:65px;line-height:65px;border-radius:65px;font-size:40px;display:inline-block;\">\n\t<i class=\"Defaults-envelope\"><\/i>\n<\/div><\/div><\/div>\n<\/div><span  data-ultimate-target='#list-icon-wrap-2117 .uavc-list-desc'  data-responsive-json-new='{\"font-size\":\"\",\"line-height\":\"\"}'  class=\"uavc-list-desc ult-responsive\" style=\"\"><\/p>\n<h6><a href=\"mailto:hello@jalsolution.com\"><span style=\"color: #ffffff;\"> bonjour@jalsolution.com<\/span><\/a><\/h6>\n<p><\/span><\/div><\/li><li><div class=\"uavc-list-content\" id=\"list-icon-wrap-1290\">\n<div class=\"uavc-list-icon  \" data-animation=\"\" data-animation-delay=\"03\" style=\"margin-right:5px;\"><div class=\"ult-just-icon-wrapper  \"><div class=\"align-icon\" style=\"text-align:center;\">\n<div class=\"aio-icon advanced \"  style=\"color:#09bcd4;border-style:solid;border-color:#09bcd4;border-width:2px;width:65px;height:65px;line-height:65px;border-radius:65px;font-size:40px;display:inline-block;\">\n\t<i class=\"Defaults-phone\"><\/i>\n<\/div><\/div><\/div>\n<\/div><span  data-ultimate-target='#list-icon-wrap-1290 .uavc-list-desc'  data-responsive-json-new='{\"font-size\":\"\",\"line-height\":\"\"}'  class=\"uavc-list-desc ult-responsive\" style=\"\"><\/p>\n<h4><span style=\"color: #ffffff;\">1 (514) 781-2828<\/span><\/h4>\n<p><\/span><\/div><\/li><\/ul><\/div>[\/vc_column][vc_column width=&#8221;1\/2&#8243;][vc_empty_space][vc_column_text]<div class=\"frm_forms  with_frm_style frm_style_formidable-style\" id=\"frm_form_3_container\" >\n<form enctype=\"multipart\/form-data\" method=\"post\" class=\"frm-show-form  frm_pro_form \" id=\"form_zzbboa97781f758\"  >\n<div class=\"frm_form_fields \">\n<fieldset>\n<legend class=\"frm_screen_reader\">JAL Solution FR<\/legend>\r\n\r\n<div class=\"frm_fields_container\">\n<input type=\"hidden\" name=\"frm_action\" value=\"create\" \/>\n<input type=\"hidden\" name=\"form_id\" value=\"3\" \/>\n<input type=\"hidden\" name=\"frm_hide_fields_3\" id=\"frm_hide_fields_3\" value=\"\" \/>\n<input type=\"hidden\" name=\"form_key\" value=\"zzbboa97781f758\" \/>\n<input type=\"hidden\" name=\"item_meta[0]\" value=\"\" \/>\n<input type=\"hidden\" id=\"frm_submit_entry_3\" name=\"frm_submit_entry_3\" value=\"846e4cc625\" \/><input type=\"hidden\" name=\"_wp_http_referer\" value=\"\/fr\/wp-json\/wp\/v2\/pages\/34139\" \/><div id=\"frm_field_16_container\" class=\"frm_form_field form-field  frm_required_field frm_top_container\">\r\n    <label for=\"field_ldhl145900d7a0\" id=\"field_ldhl145900d7a0_label\" class=\"frm_primary_label\">Nom complet\r\n        <span class=\"frm_required\">*<\/span>\r\n    <\/label>\r\n    <input type=\"text\" id=\"field_ldhl145900d7a0\" name=\"item_meta[16]\" value=\"\"  data-reqmsg=\"This field cannot be blank.\" aria-required=\"true\" data-invmsg=\"Text is invalid\" aria-invalid=\"false\"  \/>\r\n    \r\n    \r\n<\/div>\n<div id=\"frm_field_17_container\" class=\"frm_form_field form-field  frm_required_field frm_top_container\">\r\n    <label for=\"field_tkoe43ad0f292af\" id=\"field_tkoe43ad0f292af_label\" class=\"frm_primary_label\">Courriel\r\n        <span class=\"frm_required\">*<\/span>\r\n    <\/label>\r\n    <input type=\"email\" id=\"field_tkoe43ad0f292af\" name=\"item_meta[17]\" value=\"\"  data-reqmsg=\"This field cannot be blank.\" aria-required=\"true\" data-invmsg=\"Email is invalid\" aria-invalid=\"false\"  \/>\r\n    \r\n    \r\n<\/div>\n<div id=\"frm_field_18_container\" class=\"frm_form_field form-field  frm_required_field frm_top_container\">\r\n    <label for=\"field_rns4ffadea15640\" id=\"field_rns4ffadea15640_label\" class=\"frm_primary_label\">T\u00e9l\u00e9phone\r\n        <span class=\"frm_required\">*<\/span>\r\n    <\/label>\r\n    <input type=\"tel\" id=\"field_rns4ffadea15640\" name=\"item_meta[18]\" value=\"\"  data-reqmsg=\"This field cannot be blank.\" aria-required=\"true\" data-invmsg=\"Phone is invalid\" aria-invalid=\"false\" pattern=\"((\\+\\d{1,3}(-|.| )?\\(?\\d\\)?(-| |.)?\\d{1,5})|(\\(?\\d{2,6}\\)?))(-|.| )?(\\d{3,4})(-|.| )?(\\d{4})(( x| ext)\\d{1,5}){0,1}$\"  \/>\r\n    \r\n    \r\n<\/div>\n<div id=\"frm_field_19_container\" class=\"frm_form_field form-field  frm_required_field frm_top_container\">\r\n    <label for=\"field_yrmqg4a8362f3ab\" id=\"field_yrmqg4a8362f3ab_label\" class=\"frm_primary_label\">Message\r\n        <span class=\"frm_required\">*<\/span>\r\n    <\/label>\r\n    <textarea name=\"item_meta[19]\" id=\"field_yrmqg4a8362f3ab\" rows=\"5\"  data-reqmsg=\"This field cannot be blank.\" aria-required=\"true\" data-invmsg=\"Message is invalid\" aria-invalid=\"false\"  ><\/textarea>\r\n    \r\n    \r\n<\/div>\n<div id=\"frm_field_20_container\" class=\"frm_form_field form-field  frm_none_container\">\r\n    <label for=\"g-recaptcha-response\" id=\"field_xohj3711050d648_label\" class=\"frm_primary_label\">reCAPTCHA\r\n        <span class=\"frm_required\"><\/span>\r\n    <\/label>\r\n    <div id=\"field_xohj3711050d648\" class=\"frm-g-recaptcha\" data-sitekey=\"6LdD-OgZAAAAAFGGN3fspeA1vuWZqJEAxqAGccRx\" data-size=\"normal\" data-theme=\"light\"><\/div>\r\n    \r\n    \r\n<\/div>\n<input type=\"hidden\" name=\"item_key\" value=\"\" \/>\n\t<div class=\"frm_submit\">\r\n\r\n<button class=\"frm_button_submit frm_final_submit\" type=\"submit\"   formnovalidate=\"formnovalidate\">Soumettre<\/button>\r\n\r\n<\/div><div class=\"frm_verify\" aria-hidden=\"true\">\n\t<label for=\"frm_verify_3\">\n\t\tIf you are human, leave this field blank.\t<\/label>\n\t<input type=\"text\" class=\"frm_verify\" id=\"frm_verify_3\" name=\"frm_verify\" value=\"\"  \/>\n<\/div>\n<\/div>\n<\/fieldset>\n<\/div>\n<\/form>\n<\/div>\n[\/vc_column_text][\/vc_column][\/vc_row]<\/p>\n","protected":false},"excerpt":{"rendered":"<p>[vc_row full_width=&#8221;stretch_row_content_no_spaces&#8221; equal_height=&#8221;yes&#8221; content_placement=&#8221;bottom&#8221; css=&#8221;.vc_custom_1606768810063{margin-top: 0px !important;margin-bottom: -50px !important;border-top-width: 0px !important;border-bottom-width: 0px !important;padding-top: 0px !important;padding-bottom: 0px !important;background-color: #eeeeee !important;}&#8221;][vc_column css=&#8221;.vc_custom_1606768971024{margin-top:&#8230;<\/p>\n","protected":false},"author":1,"featured_media":0,"parent":0,"menu_order":0,"comment_status":"closed","ping_status":"closed","template":"","meta":{"footnotes":""},"class_list":["post-34139","page","type-page","status-publish"],"_links":{"self":[{"href":"https:\/\/www.jalsolution.com\/fr\/wp-json\/wp\/v2\/pages\/34139","targetHints":{"allow":["GET"]}}],"collection":[{"href":"https:\/\/www.jalsolution.com\/fr\/wp-json\/wp\/v2\/pages"}],"about":[{"href":"https:\/\/www.jalsolution.com\/fr\/wp-json\/wp\/v2\/types\/page"}],"author":[{"embeddable":true,"href":"https:\/\/www.jalsolution.com\/fr\/wp-json\/wp\/v2\/users\/1"}],"replies":[{"embeddable":true,"href":"https:\/\/www.jalsolution.com\/fr\/wp-json\/wp\/v2\/comments?post=34139"}],"version-history":[{"count":0,"href":"https:\/\/www.jalsolution.com\/fr\/wp-json\/wp\/v2\/pages\/34139\/revisions"}],"wp:attachment":[{"href":"https:\/\/www.jalsolution.com\/fr\/wp-json\/wp\/v2\/media?parent=34139"}],"curies":[{"name":"wp","href":"https:\/\/api.w.org\/{rel}","templated":true}]}}